{"id":141,"date":"2020-05-31T14:30:44","date_gmt":"2020-05-31T11:30:44","guid":{"rendered":"http:\/\/gm5.ro\/?page_id=141"},"modified":"2020-06-28T19:36:54","modified_gmt":"2020-06-28T16:36:54","slug":"la-o-vorba","status":"publish","type":"page","link":"https:\/\/gm5.ro\/?page_id=141","title":{"rendered":"La o vorba&#8230;"},"content":{"rendered":"\n<p>Orice schimb de experien\u021b\u0103 este binevenit&#8230; \ud83d\ude42<\/p>\n\n\n\n<p>\u00cen activitatea noastr\u0103 zilnic\u0103 de multe ori suntem pu\u0219i \u00een situa\u021bia de a experimenta solu\u021bii noi pentru a rezolva eficient o problem\u0103 ap\u0103rut\u0103. C\u00e2teodat\u0103 ne reu\u0219e\u0219te din prima&#8230; alteori nu chiar.  Nu este nici o problem\u0103 dac\u0103 aplicarea noii solu\u021bii se face \u00een &#8220;groapa cu nisip&#8221;, adic\u0103 \u00eentr-un mod care \u00een caz de nereu\u0219it\u0103 s\u0103 nu afecteze negativ activitatea noastr\u0103. Dar&#8230; c\u00e2teodat\u0103 nu este chiar a\u0219a \u0219i bine\u00een\u021beles gre\u0219im. Nici a gre\u0219i nu este obligatoriu grav&#8230;<\/p>\n\n\n\n<blockquote class=\"wp-block-quote is-style-default is-layout-flow wp-block-quote-is-layout-flow\"><p>John Powell spunea c\u0103: <\/p><p>\u201eSingura gre\u0219eal\u0103 adev\u0103rat\u0103 este cea din care nu ai inv\u0103\u021bat nimic.\u201d <\/p><\/blockquote>\n\n\n\n<p>Aceast\u0103 pagin\u0103 \u00eencearc\u0103 s\u0103 v\u0103 aduc\u0103 la \u00eendem\u00e2n\u0103 solu\u021bii care deja au fost testate \u00een anumite situa\u021bii \u0219i astfel sa v\u0103 reduc\u0103 experimentele digitale mai pu\u021bin reu\u0219ite.<\/p>\n\n\n\n<p>Pagina va fi constant actualizat\u0103 cu informa\u021bii noi, verificate.<\/p>\n\n\n\n<p>Exist\u0103 un mix de scriere \u00een limba rom\u00e2n\u0103 \u0219i englez\u0103 deoarece termenii \u0219i descrierile tehnice nu suport\u0103 \u00eentotdeauna o traducere explicit\u0103. Sper s\u0103 accepta\u021bi aceast\u0103 convie\u021buire \ud83d\ude42<\/p>\n\n\n\n<p><\/p>\n\n\n\n<p class=\"has-text-color has-background has-very-light-gray-color has-vivid-cyan-blue-background-color\"><strong><a href=\"\/?p=158\">Utile in digitalizarea de zi cu zi &#8211; Platforme Microsoft Windows<\/a><\/strong><\/p>\n","protected":false},"excerpt":{"rendered":"<p>Orice schimb de experien\u021b\u0103 este binevenit&#8230; \ud83d\ude42 \u00cen activitatea noastr\u0103 zilnic\u0103 de multe ori suntem pu\u0219i \u00een situa\u021bia de a experimenta solu\u021bii noi pentru a rezolva eficient o problem\u0103 ap\u0103rut\u0103. C\u00e2teodat\u0103 ne reu\u0219e\u0219te din prima&#8230; alteori nu chiar. Nu este nici o problem\u0103 dac\u0103 aplicarea noii solu\u021bii se face \u00een &#8220;groapa cu nisip&#8221;, adic\u0103 \u00eentr-un &hellip; <\/p>\n<p class=\"link-more\"><a href=\"https:\/\/gm5.ro\/?page_id=141\" class=\"more-link\">Continue reading<span class=\"screen-reader-text\"> &#8220;La o vorba&#8230;&#8221;<\/span><\/a><\/p>\n","protected":false},"author":1,"featured_media":0,"parent":0,"menu_order":0,"comment_status":"closed","ping_status":"closed","template":"","meta":{"footnotes":""},"class_list":["post-141","page","type-page","status-publish","hentry"],"_links":{"self":[{"href":"https:\/\/gm5.ro\/index.php?rest_route=\/wp\/v2\/pages\/141","targetHints":{"allow":["GET"]}}],"collection":[{"href":"https:\/\/gm5.ro\/index.php?rest_route=\/wp\/v2\/pages"}],"about":[{"href":"https:\/\/gm5.ro\/index.php?rest_route=\/wp\/v2\/types\/page"}],"author":[{"embeddable":true,"href":"https:\/\/gm5.ro\/index.php?rest_route=\/wp\/v2\/users\/1"}],"replies":[{"embeddable":true,"href":"https:\/\/gm5.ro\/index.php?rest_route=%2Fwp%2Fv2%2Fcomments&post=141"}],"version-history":[{"count":7,"href":"https:\/\/gm5.ro\/index.php?rest_route=\/wp\/v2\/pages\/141\/revisions"}],"predecessor-version":[{"id":168,"href":"https:\/\/gm5.ro\/index.php?rest_route=\/wp\/v2\/pages\/141\/revisions\/168"}],"wp:attachment":[{"href":"https:\/\/gm5.ro\/index.php?rest_route=%2Fwp%2Fv2%2Fmedia&parent=141"}],"curies":[{"name":"wp","href":"https:\/\/api.w.org\/{rel}","templated":true}]}}