{"id":13,"date":"2020-05-29T19:07:29","date_gmt":"2020-05-29T19:07:29","guid":{"rendered":"http:\/\/gm5.ro\/?page_id=13"},"modified":"2025-08-18T22:41:10","modified_gmt":"2025-08-18T19:41:10","slug":"home","status":"publish","type":"page","link":"https:\/\/gm5.ro\/","title":{"rendered":"GM5 RO, un concept pentru implementarea filozofiei  digisimbiozei"},"content":{"rendered":"\n<p class=\"has-luminous-vivid-orange-color has-text-color has-link-color wp-elements-15b85832ddfd4822d3a66114461be91f\"><strong>Transform\u0103-\u021bi afacerea digital p\u0103str\u00e2nd valorile umane prin digisimbioz\u0103.<\/strong><\/p>\n\n\n\n<p><br>La GM5 RO credem c\u0103 tehnologia nu trebuie s\u0103 ne \u00eendep\u0103rteze de esen\u021b\u0103, ci s\u0103 amplifice ceea ce ne face cu adev\u0103rat creativi. \u00cen fiecare zi, inteligen\u021ba artificial\u0103 preia sarcinile repetitive, iar tu \u00ee\u021bi rec\u00e2\u0219tigi timpul \u0219i energia pentru a inova \u0219i a influen\u021ba pozitiv mediul din jurul t\u0103u.<\/p>\n\n\n\n<p class=\"has-luminous-vivid-orange-color has-text-color has-link-color wp-elements-fb08df38b58311ff8e6bc934a100d9f8\"><br><strong>Beneficiile digisimbiozei cu GM5 RO<\/strong><\/p>\n\n\n\n<ul class=\"wp-block-list\">\n<li>Eficientizarea proceselor opera\u021bionale<\/li>\n\n\n\n<li>Experien\u021b\u0103 satisf\u0103c\u0103toare pentru clien\u021bi \u0219i echip\u0103<\/li>\n\n\n\n<li>Management rapid \u0219i transparent al resurselor<\/li>\n\n\n\n<li>Cre\u0219terea profitabilit\u0103\u021bii<\/li>\n\n\n\n<li>Acces \u00een segmente de pia\u021b\u0103 noi<\/li>\n<\/ul>\n\n\n\n<p>\u00cencepem din primul moment cu o \u201eprindere de m\u00e2n\u0103 deschis\u0103\u201d: stabilim \u00eempreun\u0103 cele cinci obiective cheie \u0219i construim un plan personalizat de digisimbioz\u0103. Acest prim pas hot\u0103r\u0103\u0219te succesul \u00eentregului demers, asigur\u00e2ndu-ne c\u0103 implementarea tehnologiei reflect\u0103 valorile \u0219i aspira\u021biile afacerii tale<\/p>\n\n\n\n<p><\/p>\n","protected":false},"excerpt":{"rendered":"<p>Transform\u0103-\u021bi afacerea digital p\u0103str\u00e2nd valorile umane prin digisimbioz\u0103. La GM5 RO credem c\u0103 tehnologia nu trebuie s\u0103 ne \u00eendep\u0103rteze de esen\u021b\u0103, ci s\u0103 amplifice ceea ce ne face cu adev\u0103rat creativi. \u00cen fiecare zi, inteligen\u021ba artificial\u0103 preia sarcinile repetitive, iar tu \u00ee\u021bi rec\u00e2\u0219tigi timpul \u0219i energia pentru a inova \u0219i a influen\u021ba pozitiv mediul din &hellip; <\/p>\n<p class=\"link-more\"><a href=\"https:\/\/gm5.ro\/\" class=\"more-link\">Continue reading<span class=\"screen-reader-text\"> &#8220;GM5 RO, un concept pentru implementarea filozofiei  digisimbiozei&#8221;<\/span><\/a><\/p>\n","protected":false},"author":1,"featured_media":94,"parent":0,"menu_order":0,"comment_status":"closed","ping_status":"closed","template":"","meta":{"footnotes":""},"class_list":["post-13","page","type-page","status-publish","has-post-thumbnail","hentry"],"_links":{"self":[{"href":"https:\/\/gm5.ro\/index.php?rest_route=\/wp\/v2\/pages\/13","targetHints":{"allow":["GET"]}}],"collection":[{"href":"https:\/\/gm5.ro\/index.php?rest_route=\/wp\/v2\/pages"}],"about":[{"href":"https:\/\/gm5.ro\/index.php?rest_route=\/wp\/v2\/types\/page"}],"author":[{"embeddable":true,"href":"https:\/\/gm5.ro\/index.php?rest_route=\/wp\/v2\/users\/1"}],"replies":[{"embeddable":true,"href":"https:\/\/gm5.ro\/index.php?rest_route=%2Fwp%2Fv2%2Fcomments&post=13"}],"version-history":[{"count":12,"href":"https:\/\/gm5.ro\/index.php?rest_route=\/wp\/v2\/pages\/13\/revisions"}],"predecessor-version":[{"id":173,"href":"https:\/\/gm5.ro\/index.php?rest_route=\/wp\/v2\/pages\/13\/revisions\/173"}],"wp:featuredmedia":[{"embeddable":true,"href":"https:\/\/gm5.ro\/index.php?rest_route=\/wp\/v2\/media\/94"}],"wp:attachment":[{"href":"https:\/\/gm5.ro\/index.php?rest_route=%2Fwp%2Fv2%2Fmedia&parent=13"}],"curies":[{"name":"wp","href":"https:\/\/api.w.org\/{rel}","templated":true}]}}